{"id":345,"date":"2013-04-30T21:01:03","date_gmt":"2013-04-30T19:01:03","guid":{"rendered":"http:\/\/www.letzacher.ch\/?page_id=345"},"modified":"2024-05-16T11:25:45","modified_gmt":"2024-05-16T09:25:45","slug":"unsere-zuchthundinnen-3","status":"publish","type":"page","link":"https:\/\/letzacher.ch\/?page_id=345","title":{"rendered":"Unsere Zuchth\u00fcndinnen"},"content":{"rendered":"<p><strong>ZW = Zuchtwerte<\/strong><br \/>LD (Lebensdauer), HD (H\u00fcftgelenkdysplasie) und ED (Ellbogengelenkdysplasie) Werte werden mit den zur Verf\u00fcgung stehenden Daten f\u00fcr jeden Hund errechnet. Diese Werte k\u00f6nnen sich mit jeder neu eingehenden Meldung (Lebend- oder Todesmeldungen, R\u00f6ntgenergebnisse) nach oben oder nach unten ver\u00e4ndern.<\/p>\n<p><strong>GZW = Genomische Zuchtwerte f\u00fcr Berner Sennenhunde auf Langlebigkeit (LL), H\u00fcftgelenkdysplasie (HD) und Ellbogendysplasie (ED) sowie die Degenerative Myelopathie (DM)<br \/><\/strong><strong>Genomisch getestet (antagene Test)<\/strong><br \/>Diese Werte werden anhand von Blutproben ermittelt und sind somit feste Werte.<\/p>\n<p style=\"text-align: left;\"><strong><span style=\"color: #800000;\"><em>Unsere Zuchth\u00fcndinnen<\/em><\/span><\/strong><\/p>\n<p><strong>Qamile vom Freibach, geb. 19.11.2021<\/strong><\/p>\n<p><strong>HD A\/A, ED 0\/0, DM N\/N N\/N, Antagene HS B<\/strong><\/p>\n<p>Zuchtwert: HD 84 &#8211; ED 92 &#8211; LD 107 (Stand Mai 24)<\/p>\n<p>Mutter: Pina vom Freibach<\/p>\n<p>Vater: Buddy vom Hirschenschlag<\/p>\n<p><a href=\"https:\/\/letzacher.ch\/wp-content\/uploads\/2024\/05\/Qamile-stehend-3.jpg\"><img loading=\"lazy\" decoding=\"async\" class=\"aligncenter  wp-image-3871\" src=\"https:\/\/letzacher.ch\/wp-content\/uploads\/2024\/05\/Qamile-stehend-3-1024x695.webp\" alt=\"\" width=\"585\" height=\"397\" srcset=\"https:\/\/letzacher.ch\/wp-content\/uploads\/2024\/05\/Qamile-stehend-3-1024x695.webp 1024w, https:\/\/letzacher.ch\/wp-content\/uploads\/2024\/05\/Qamile-stehend-3-300x204.webp 300w, https:\/\/letzacher.ch\/wp-content\/uploads\/2024\/05\/Qamile-stehend-3-768x522.webp 768w, https:\/\/letzacher.ch\/wp-content\/uploads\/2024\/05\/Qamile-stehend-3-1536x1043.webp 1536w, https:\/\/letzacher.ch\/wp-content\/uploads\/2024\/05\/Qamile-stehend-3.jpg 1976w\" sizes=\"auto, (max-width: 585px) 100vw, 585px\" \/><\/a><\/p>\n<p style=\"text-align: left;\"><strong><span style=\"color: #000000;\">Mila vom Letzacher, geb. 29.03.2018<br \/>HD A\/A, ED 0\/0, DM N\/N<br \/>Zuchtwert: HD 95 &#8211; ED 91 &#8211; LD 101 (Stand Dogbase Mai 20)<br \/>genomisch getestet<\/span><\/strong><\/p>\n<p style=\"text-align: left;\">Mutter: Fame vom Letzacher<br \/>Vater:\u00a0 \u00a0Agron van T&#8217;Rijkenspark<\/p>\n<p><a href=\"https:\/\/letzacher.ch\/wp-content\/uploads\/2020\/10\/20201025-Mila-stehend-2.jpg\"><img loading=\"lazy\" decoding=\"async\" class=\"aligncenter  wp-image-3138\" src=\"https:\/\/letzacher.ch\/wp-content\/uploads\/2020\/10\/20201025-Mila-stehend-2-1024x752.jpg\" alt=\"\" width=\"659\" height=\"484\" srcset=\"https:\/\/letzacher.ch\/wp-content\/uploads\/2020\/10\/20201025-Mila-stehend-2-1024x752.jpg 1024w, https:\/\/letzacher.ch\/wp-content\/uploads\/2020\/10\/20201025-Mila-stehend-2-300x220.jpg 300w, https:\/\/letzacher.ch\/wp-content\/uploads\/2020\/10\/20201025-Mila-stehend-2-768x564.jpg 768w, https:\/\/letzacher.ch\/wp-content\/uploads\/2020\/10\/20201025-Mila-stehend-2-1536x1129.jpg 1536w, https:\/\/letzacher.ch\/wp-content\/uploads\/2020\/10\/20201025-Mila-stehend-2-2048x1505.jpg 2048w\" sizes=\"auto, (max-width: 659px) 100vw, 659px\" \/><\/a><\/p>\n<p style=\"text-align: left;\"><strong><span style=\"color: #000000;\">Fame vom Letzacher, geb. 27.05.2013<br \/>HD B\/B, ED 0\/0, DM N\/DM<br \/>Zuchtwert: HD 93 &#8211; ED 94 &#8211; LD 108 (Stand Dogbase Nov.16)<br \/>genomisch getestet<\/span><\/strong><\/p>\n<p style=\"text-align: left;\">Mutter: Aura-Aska vom Letzacher, geb. 17.07.2009<br \/>Vater:\u00a0 Donar-Diego vom Freibach, geb. 13.08.2007<\/p>\n<p style=\"text-align: left;\"><a href=\"https:\/\/letzacher.ch\/wp-content\/uploads\/2013\/03\/20171027-Fame-stehend-2.jpg\"><img loading=\"lazy\" decoding=\"async\" class=\"alignnone  wp-image-2469\" src=\"https:\/\/letzacher.ch\/wp-content\/uploads\/2013\/03\/20171027-Fame-stehend-2-1024x826.jpg\" alt=\"\" width=\"611\" height=\"493\" srcset=\"https:\/\/letzacher.ch\/wp-content\/uploads\/2013\/03\/20171027-Fame-stehend-2-1024x826.jpg 1024w, https:\/\/letzacher.ch\/wp-content\/uploads\/2013\/03\/20171027-Fame-stehend-2-300x242.jpg 300w, https:\/\/letzacher.ch\/wp-content\/uploads\/2013\/03\/20171027-Fame-stehend-2-768x620.jpg 768w\" sizes=\"auto, (max-width: 611px) 100vw, 611px\" \/><\/a><\/p>\n<p><strong>Elea vom Letzacher, geb. 09.06.2012<br \/>HD A\/A, ED 0\/0, DM N\/N<br \/>Zuchtwert: HD 80 &#8211; ED 97 &#8211; LD 103 (Stand Dogbase Nov. 16)<br \/><\/strong><\/p>\n<p>Mutter: Xenia vom Letzacher, geb. 10.06.2007<br \/>Vater:\u00a0 Hoomer-Simpson vom Gr\u00e4nzweg, geb. 15.07.2008<\/p>\n<p><a href=\"https:\/\/letzacher.ch\/wp-content\/uploads\/2014\/11\/IMG_2479-5.jpg\"><img loading=\"lazy\" decoding=\"async\" class=\"alignnone wp-image-1365\" src=\"\/\/www.letzacher.ch\/wp-content\/uploads\/2014\/11\/IMG_2479-5.jpg\" alt=\"IMG_2479-5\" width=\"537\" height=\"366\" srcset=\"https:\/\/letzacher.ch\/wp-content\/uploads\/2014\/11\/IMG_2479-5.jpg 668w, https:\/\/letzacher.ch\/wp-content\/uploads\/2014\/11\/IMG_2479-5-300x204.jpg 300w\" sizes=\"auto, (max-width: 537px) 100vw, 537px\" \/><\/a><br \/><strong>Enya vom Letzacher, geb. 09.06.2012<br \/>HD A\/A, ED 0\/0, DM N\/N<br \/>Zuchtwert: HD 80 &#8211; ED 97 &#8211; LD 105 (Stand Dogbase Nov. 16)<br \/><\/strong><\/p>\n<p>Mutter: Xenia vom Letzacher, geb. 10.06.2007<br \/>Vater:\u00a0 Hoomer-Simpson vom Gr\u00e4nzweg, geb. 15.07.2008<\/p>\n<p><a href=\"https:\/\/letzacher.ch\/wp-content\/uploads\/2013\/03\/20141021-Enya-vom-Letzacher.jpg\"><img loading=\"lazy\" decoding=\"async\" class=\"alignnone wp-image-1360\" src=\"\/\/www.letzacher.ch\/wp-content\/uploads\/2013\/03\/20141021-Enya-vom-Letzacher.jpg\" alt=\"20141021 Enya vom Letzacher\" width=\"537\" height=\"445\" \/><\/a><\/p>\n<p><strong>Aura-Aska vom Letzacher, 17.07.2009<br \/>HD B\/B, ED 0\/0, DM N\/DM<br \/>Zuchtwert: HD 90 &#8211; ED 98 &#8211; LD 104 (Stand Dogbase Nov. 16)<br \/><\/strong><\/p>\n<p>Mutter: Wega vom Letzacher,\u00a0 22.04.2006 &#8211; 23.05.2015<br \/>Vater:\u00a0\u00a0 Hector vom Zaberg\u00e4u, 08.10.2005 &#8211; 29.10.2013<\/p>\n<p><a href=\"https:\/\/letzacher.ch\/wp-content\/uploads\/2013\/04\/20130327-Aura-Aska-vom-Letzacher.jpg\"><img loading=\"lazy\" decoding=\"async\" src=\"\/\/www.letzacher.ch\/wp-content\/uploads\/2013\/04\/20130327-Aura-Aska-vom-Letzacher-300x225.jpg\" alt=\"20130327 Aura-Aska vom Letzacher\" width=\"518\" height=\"387\" \/><\/a><\/p>\n<p><strong>Im Ruhestand:<\/strong><\/p>\n<p><strong>Xenia vom Letzacher, geb. 10.06.2007<br \/>Genomische Zuchtwerte: LL 101 &#8211; HD 97 &#8211; ED 89 &#8211; DM N\/N<br \/>Pre-Test A 95<br \/><\/strong><\/p>\n<p>Mutter: Malaika vom Letzacher 29.08.2001 &#8211; 11.07.2012<br \/>Vater: Grand Qu\u00e9zac de Marais Champagne &#8211; 06.04.2003 &#8211; 27.02.2011<\/p>\n<p><a href=\"https:\/\/letzacher.ch\/wp-content\/uploads\/2013\/04\/20091016-Xenia-in-Champoussin.jpg\"><img loading=\"lazy\" decoding=\"async\" src=\"\/\/www.letzacher.ch\/wp-content\/uploads\/2013\/04\/20091016-Xenia-in-Champoussin-300x225.jpg\" alt=\"20091016 Xenia in Champoussin\" width=\"522\" height=\"389\" \/><\/a><\/p>\n<p><strong>Wega vom Letzacher, geb. 22.04.2006<br \/>Schweizer Jugend-Champion, Schweizer Sch\u00f6nheits-Champion, 2 x KBS Klubsiegerin 2010, 2011 und neu 2013<br \/><\/strong><\/p>\n<p>Mutter: Querida-Emma vom Letzacher &#8211; 16.10.2002 &#8211; 24.04.2013<br \/>Vater:\u00a0\u00a0 Amigo vom Wisgraben &#8211; 15.09.1999 &#8211; 01.06.2012<\/p>\n<p><a href=\"https:\/\/letzacher.ch\/wp-content\/uploads\/2013\/04\/20121107-Wega-stehend.jpg\"><img loading=\"lazy\" decoding=\"async\" class=\"alignnone size-medium wp-image-238\" src=\"\/\/www.letzacher.ch\/wp-content\/uploads\/2013\/04\/20121107-Wega-stehend-300x200.jpg\" alt=\"20121107 Wega stehend\" width=\"529\" height=\"351\" \/><\/a><\/p>\n\n\n\n\n\n\n\n\n\n\n\n\n\n\n\n\n\n\n\n\n\n\n\n\n\n\n\n\n\n\n\n\n\n\n\n\n\n\n\n\n\n\n\n\n\n\n\n\n\n\n\n\n\n\n\n\n\n\n\n\n\n\n\n\n\n","protected":false},"excerpt":{"rendered":"<p>ZW = ZuchtwerteLD (Lebensdauer), HD (H\u00fcftgelenkdysplasie) und ED (Ellbogengelenkdysplasie) Werte werden mit den zur Verf\u00fcgung stehenden Daten f\u00fcr jeden Hund errechnet. Diese Werte k\u00f6nnen sich mit jeder neu eingehenden Meldung (Lebend- oder Todesmeldungen, R\u00f6ntgenergebnisse) nach oben oder nach unten ver\u00e4ndern. GZW = Genomische Zuchtwerte f\u00fcr Berner Sennenhunde auf Langlebigkeit (LL), H\u00fcftgelenkdysplasie (HD) und Ellbogendysplasie (ED) [&hellip;]<\/p>\n","protected":false},"author":2,"featured_media":0,"parent":0,"menu_order":3,"comment_status":"closed","ping_status":"closed","template":"","meta":{"ngg_post_thumbnail":0,"footnotes":""},"class_list":["post-345","page","type-page","status-publish","hentry"],"_links":{"self":[{"href":"https:\/\/letzacher.ch\/index.php?rest_route=\/wp\/v2\/pages\/345","targetHints":{"allow":["GET"]}}],"collection":[{"href":"https:\/\/letzacher.ch\/index.php?rest_route=\/wp\/v2\/pages"}],"about":[{"href":"https:\/\/letzacher.ch\/index.php?rest_route=\/wp\/v2\/types\/page"}],"author":[{"embeddable":true,"href":"https:\/\/letzacher.ch\/index.php?rest_route=\/wp\/v2\/users\/2"}],"replies":[{"embeddable":true,"href":"https:\/\/letzacher.ch\/index.php?rest_route=%2Fwp%2Fv2%2Fcomments&post=345"}],"version-history":[{"count":9,"href":"https:\/\/letzacher.ch\/index.php?rest_route=\/wp\/v2\/pages\/345\/revisions"}],"predecessor-version":[{"id":3901,"href":"https:\/\/letzacher.ch\/index.php?rest_route=\/wp\/v2\/pages\/345\/revisions\/3901"}],"wp:attachment":[{"href":"https:\/\/letzacher.ch\/index.php?rest_route=%2Fwp%2Fv2%2Fmedia&parent=345"}],"curies":[{"name":"wp","href":"https:\/\/api.w.org\/{rel}","templated":true}]}}