{"id":14,"date":"2018-06-16T00:13:22","date_gmt":"2018-06-15T22:13:22","guid":{"rendered":"http:\/\/www.letzacher.ch\/?page_id=14"},"modified":"2026-05-08T10:10:51","modified_gmt":"2026-05-08T08:10:51","slug":"uber-uns","status":"publish","type":"page","link":"https:\/\/letzacher.ch\/","title":{"rendered":"Home"},"content":{"rendered":"\n<figure class=\"wp-block-image size-large\"><a href=\"https:\/\/letzacher.ch\/wp-content\/uploads\/2026\/05\/20250611-Haus-Oberwangen-scaled.jpg\"><img loading=\"lazy\" decoding=\"async\" width=\"1024\" height=\"672\" src=\"https:\/\/letzacher.ch\/wp-content\/uploads\/2026\/05\/20250611-Haus-Oberwangen-1024x672.jpg\" alt=\"\" class=\"wp-image-4343\" srcset=\"https:\/\/letzacher.ch\/wp-content\/uploads\/2026\/05\/20250611-Haus-Oberwangen-1024x672.jpg 1024w, https:\/\/letzacher.ch\/wp-content\/uploads\/2026\/05\/20250611-Haus-Oberwangen-300x197.jpg 300w, https:\/\/letzacher.ch\/wp-content\/uploads\/2026\/05\/20250611-Haus-Oberwangen-768x504.jpg 768w, https:\/\/letzacher.ch\/wp-content\/uploads\/2026\/05\/20250611-Haus-Oberwangen-1536x1007.jpg 1536w, https:\/\/letzacher.ch\/wp-content\/uploads\/2026\/05\/20250611-Haus-Oberwangen-2048x1343.jpg 2048w\" sizes=\"auto, (max-width: 1024px) 100vw, 1024px\" \/><\/a><\/figure>\n\n\n\n<h1 class=\"wp-block-heading has-text-align-center\"><span style=\"color: #800000;\"><em><strong>Herzlich Willkommen!<\/strong><\/em><\/span><\/h1>\n\n\n\n<p class=\"has-text-align-center\"><span style=\"color: #000000;\">Seit 1993 z\u00fcchten wir Berner Sennenhunde. Wir sind ausgezeichnet mit dem Qualit\u00e4tslabel \u201eGoldenes G\u00fctezeichen der SKG\u201c und mit der &#8222;Goldenen B\u00e4ri Pfote&#8220; vom Klub f\u00fcr Berner Sennenhunde KBS<\/span><\/p>\n\n\n\n<p><\/p>\n\n\n\n<p><\/p>\n\n\n\n<h3 class=\"wp-block-heading has-text-align-center\"><em><span style=\"color: #000000;\"><span style=\"color: #800000;\"><span style=\"color: #333333;\">Unter <span style=\"color: #800000;\">&#8218;Greetings&#8216;<\/span> ver\u00f6ffentlichen wir die aktuellsten Fotos und Gr\u00fcsse unserer Letzacher Kinder aus aller Welt<\/span><\/span><\/span><\/em><\/h3>\n\n\n\n<h2 class=\"wp-block-heading has-text-align-center has-text-color has-link-color wp-elements-875e78ff101716617d26bb798086c818\" style=\"color:#832424\"><\/h2>\n\n\n\n<p class=\"has-text-align-center\"><\/p>\n\n\n\n<div class=\"wp-block-group is-nowrap is-layout-flex wp-container-core-group-is-layout-ad2f72ca wp-block-group-is-layout-flex\"><\/div>\n\n\n\n<p class=\"has-text-align-center has-text-color has-link-color has-medium-font-size wp-elements-b6d177df1b06d310c02bcdfd8fb6d39b\" style=\"color:#972929\"><strong><em>Unsere beiden Zuchth\u00fcndinnen im Letzacher<\/em><\/strong><\/p>\n\n\n\n<p class=\"has-text-align-center has-text-color has-link-color has-medium-font-size wp-elements-f06b7f53d9d06ec6b42d5a1412943162\" style=\"color:#972929\"><strong>Qamile vom Freibach und Mila vom Letzacher <\/strong><\/p>\n\n\n\n<figure class=\"wp-block-image size-large\"><a href=\"https:\/\/letzacher.ch\/wp-content\/uploads\/2026\/05\/20260308-Qamile-und-Mila.jpg\"><img loading=\"lazy\" decoding=\"async\" width=\"1024\" height=\"813\" src=\"https:\/\/letzacher.ch\/wp-content\/uploads\/2026\/05\/20260308-Qamile-und-Mila-1024x813.jpg\" alt=\"\" class=\"wp-image-4357\" srcset=\"https:\/\/letzacher.ch\/wp-content\/uploads\/2026\/05\/20260308-Qamile-und-Mila-1024x813.jpg 1024w, https:\/\/letzacher.ch\/wp-content\/uploads\/2026\/05\/20260308-Qamile-und-Mila-300x238.jpg 300w, https:\/\/letzacher.ch\/wp-content\/uploads\/2026\/05\/20260308-Qamile-und-Mila-768x609.jpg 768w, https:\/\/letzacher.ch\/wp-content\/uploads\/2026\/05\/20260308-Qamile-und-Mila-1536x1219.jpg 1536w, https:\/\/letzacher.ch\/wp-content\/uploads\/2026\/05\/20260308-Qamile-und-Mila.jpg 1806w\" sizes=\"auto, (max-width: 1024px) 100vw, 1024px\" \/><\/a><\/figure>\n\n\n\n<p><\/p>\n\n\n\n<p><\/p>\n\n\n\n<p class=\"has-text-align-center has-text-color has-link-color has-medium-font-size wp-elements-6046f9433196e8c8aa0b3e4776630418\" style=\"color:#b91a1a\"><strong><em>Unsere Zuchth\u00fcndin und Mama vom Q &#8211; Wurf vom 25.05.2025 <\/em><\/strong><\/p>\n\n\n\n<p class=\"has-text-align-center has-text-color has-link-color has-medium-font-size wp-elements-cf88a4a196e40a955779dc76c75230f1\" style=\"color:#b91a1a\"><strong><em>Qamile vom Freibach &#8211; regelm\u00e4ssige Gewichtskontrolle ist angesagt!<\/em><\/strong><\/p>\n\n\n\n<figure class=\"wp-block-image size-large\"><a href=\"https:\/\/letzacher.ch\/wp-content\/uploads\/2026\/05\/20260505-Qamile.jpg\"><img loading=\"lazy\" decoding=\"async\" width=\"823\" height=\"1024\" src=\"https:\/\/letzacher.ch\/wp-content\/uploads\/2026\/05\/20260505-Qamile-823x1024.jpg\" alt=\"\" class=\"wp-image-4340\" srcset=\"https:\/\/letzacher.ch\/wp-content\/uploads\/2026\/05\/20260505-Qamile-823x1024.jpg 823w, https:\/\/letzacher.ch\/wp-content\/uploads\/2026\/05\/20260505-Qamile-241x300.jpg 241w, https:\/\/letzacher.ch\/wp-content\/uploads\/2026\/05\/20260505-Qamile-768x955.jpg 768w, https:\/\/letzacher.ch\/wp-content\/uploads\/2026\/05\/20260505-Qamile.jpg 919w\" sizes=\"auto, (max-width: 823px) 100vw, 823px\" \/><\/a><\/figure>\n\n\n\n<p><\/p>\n\n\n\n<p><\/p>\n\n\n\n<p class=\"has-text-align-center has-text-color has-link-color has-medium-font-size wp-elements-24b3bfe8a43e5bce7976b5630f166f7f\" style=\"color:#922f2f\"><em><strong>Queen vom Letzacher<\/strong> &#8211;<strong>geb. 25.05.2025<\/strong><\/em><\/p>\n\n\n\n<p class=\"has-text-align-center\">Mutter: Qamile von Freibach &#8211; Vater: Except You George von Sasaunna<\/p>\n\n\n\n<p><\/p>\n\n\n<div class=\"wp-block-image\">\n<figure class=\"aligncenter size-large\"><a href=\"https:\/\/letzacher.ch\/wp-content\/uploads\/2026\/05\/2026042-Queen-11-Monate.jpg\"><img loading=\"lazy\" decoding=\"async\" width=\"892\" height=\"1024\" src=\"https:\/\/letzacher.ch\/wp-content\/uploads\/2026\/05\/2026042-Queen-11-Monate-892x1024.jpg\" alt=\"\" class=\"wp-image-4345\" srcset=\"https:\/\/letzacher.ch\/wp-content\/uploads\/2026\/05\/2026042-Queen-11-Monate-892x1024.jpg 892w, https:\/\/letzacher.ch\/wp-content\/uploads\/2026\/05\/2026042-Queen-11-Monate-261x300.jpg 261w, https:\/\/letzacher.ch\/wp-content\/uploads\/2026\/05\/2026042-Queen-11-Monate-768x881.jpg 768w, https:\/\/letzacher.ch\/wp-content\/uploads\/2026\/05\/2026042-Queen-11-Monate.jpg 1159w\" sizes=\"auto, (max-width: 892px) 100vw, 892px\" \/><\/a><\/figure>\n<\/div>\n\n\n<p><\/p>\n\n\n\n<p class=\"has-text-align-center has-text-color has-link-color has-medium-font-size wp-elements-27fdedafd88bf2a73865f15ad8cdbb68\" style=\"color:#882f2f\"><strong><em>Quincy Olli vom Letzacher &#8211; geb. 25.05.2025<\/em><\/strong><\/p>\n\n\n\n<p class=\"has-text-align-center\">Mutter: Qamile von Freibach &#8211; Vater: Except You George von Sasaunna<\/p>\n\n\n<div class=\"wp-block-image\">\n<figure class=\"aligncenter size-full\"><a href=\"https:\/\/letzacher.ch\/wp-content\/uploads\/2026\/05\/20260505-Quincy-Oli.jpg\"><img loading=\"lazy\" decoding=\"async\" width=\"647\" height=\"720\" src=\"https:\/\/letzacher.ch\/wp-content\/uploads\/2026\/05\/20260505-Quincy-Oli.jpg\" alt=\"\" class=\"wp-image-4344\" srcset=\"https:\/\/letzacher.ch\/wp-content\/uploads\/2026\/05\/20260505-Quincy-Oli.jpg 647w, https:\/\/letzacher.ch\/wp-content\/uploads\/2026\/05\/20260505-Quincy-Oli-270x300.jpg 270w\" sizes=\"auto, (max-width: 647px) 100vw, 647px\" \/><\/a><figcaption class=\"wp-element-caption\">Screenshot<\/figcaption><\/figure>\n<\/div>\n\n\n\n\n<p><\/p>\n\n\n\n<p><\/p>\n\n\n\n<p class=\"has-text-align-center has-text-color has-link-color has-medium-font-size wp-elements-be7d2bf6c8b2fee48425e5bed2745300\" style=\"color:#882f2f\"><\/p>\n\n\n\n<p class=\"has-text-align-center has-text-color has-link-color has-medium-font-size wp-elements-df4f00ba261aab1ff7e62ad95e4b3027\" style=\"color:#953434\"><strong><em>Quinn vom Letzacher &#8211; geb. 25.05.2025<\/em><\/strong><\/p>\n\n\n\n<p class=\"has-text-align-center has-medium-font-size\">Mutter: Qamile von Freibach &#8211; Vater: Except You George von Sasaunna<\/p>\n\n\n\n<figure class=\"wp-block-image size-large\"><a href=\"https:\/\/letzacher.ch\/wp-content\/uploads\/2026\/05\/20260505-Quinn-vom-Letzacher.jpg\"><img loading=\"lazy\" decoding=\"async\" width=\"768\" height=\"1024\" src=\"https:\/\/letzacher.ch\/wp-content\/uploads\/2026\/05\/20260505-Quinn-vom-Letzacher-768x1024.jpg\" alt=\"\" class=\"wp-image-4348\" srcset=\"https:\/\/letzacher.ch\/wp-content\/uploads\/2026\/05\/20260505-Quinn-vom-Letzacher-768x1024.jpg 768w, https:\/\/letzacher.ch\/wp-content\/uploads\/2026\/05\/20260505-Quinn-vom-Letzacher-225x300.jpg 225w, https:\/\/letzacher.ch\/wp-content\/uploads\/2026\/05\/20260505-Quinn-vom-Letzacher-1152x1536.jpg 1152w, https:\/\/letzacher.ch\/wp-content\/uploads\/2026\/05\/20260505-Quinn-vom-Letzacher.jpg 1500w\" sizes=\"auto, (max-width: 768px) 100vw, 768px\" \/><\/a><\/figure>\n\n\n\n<p><\/p>\n\n\n\n<p class=\"has-text-align-center has-text-color has-link-color has-medium-font-size wp-elements-32645f19757f21c12a28511629c1862d\" style=\"color:#8f2b2b\"><strong><em>Quintus vom Letzacher &#8211; geb. 25.05.2025<\/em><\/strong><\/p>\n\n\n\n<p class=\"has-text-align-center\">Mutter: Qamile von Freibach &#8211; Vater: Except You George von Sasaunna<\/p>\n\n\n<div class=\"wp-block-image\">\n<figure class=\"aligncenter size-full\"><a href=\"https:\/\/letzacher.ch\/wp-content\/uploads\/2026\/05\/20260425-Quintus-11-Monate.jpg\"><img loading=\"lazy\" decoding=\"async\" width=\"511\" height=\"546\" src=\"https:\/\/letzacher.ch\/wp-content\/uploads\/2026\/05\/20260425-Quintus-11-Monate.jpg\" alt=\"\" class=\"wp-image-4349\" srcset=\"https:\/\/letzacher.ch\/wp-content\/uploads\/2026\/05\/20260425-Quintus-11-Monate.jpg 511w, https:\/\/letzacher.ch\/wp-content\/uploads\/2026\/05\/20260425-Quintus-11-Monate-281x300.jpg 281w\" sizes=\"auto, (max-width: 511px) 100vw, 511px\" \/><\/a><\/figure>\n<\/div>\n\n\n<p class=\"has-text-align-center has-text-color has-large-font-size\" style=\"color:#802a2a\"><\/p>\n\n\n\n<p class=\"has-text-align-center has-text-color has-link-color has-small-font-size wp-elements-58cc868e46b3d95c89f047e51a13e271\" style=\"color:#972929\"><\/p>\n\n\n\n<p><\/p>\n\n\n\n<p class=\"has-text-align-center\"><\/p>\n\n\n\n\n\n\n\n<p class=\"has-text-align-center has-black-color has-text-color\"><\/p>\n\n\n\n<p class=\"has-text-align-center\"><\/p>\n\n\n\n<p class=\"has-text-align-center\"><em><strong>&nbsp;<\/strong><\/em><strong><em><span style=\"color: #a13747;\">Auf der Mauer Aura-Aska vom Letzacher<\/span><br><span style=\"color: #a13747;\">  V.l.n.r. Baya, Enya, Xenia und Wega vom Letzacher<\/span><\/em><\/strong><\/p>\n\n\n\n<figure class=\"wp-block-image\"><a href=\"https:\/\/letzacher.ch\/wp-content\/uploads\/2013\/03\/DSCN6668.jpg\"><img loading=\"lazy\" decoding=\"async\" width=\"1024\" height=\"843\" src=\"\/\/www.letzacher.ch\/wp-content\/uploads\/2013\/03\/DSCN6668-1024x843.jpg\" alt=\"DSCN6668\" class=\"wp-image-600\" srcset=\"https:\/\/letzacher.ch\/wp-content\/uploads\/2013\/03\/DSCN6668-1024x843.jpg 1024w, https:\/\/letzacher.ch\/wp-content\/uploads\/2013\/03\/DSCN6668-300x246.jpg 300w\" sizes=\"auto, (max-width: 1024px) 100vw, 1024px\" \/><\/a><\/figure>\n\n\n\n<!--more-->\n\n\n\n<p><\/p>\n\n\n\n<p><\/p>\n\n\n\n<p class=\"has-text-align-center has-vivid-red-color has-text-color has-medium-font-size\"><em><strong>Wo sind wir zuhause?<\/strong><\/em><\/p>\n\n\n\n<p class=\"has-text-align-center\"><strong>Unsere Zuchtst\u00e4tte liegt im Herzen der Ostschweiz. In unversehrter Natur, umgeben von Wald und Wiesen, wachsen unsere Welpen liebevoll und artgerecht auf. Unter optimalen Bedingungen inmitten unserer Familie k\u00f6nnen sich die Hunde in Haus und Garten frei entfalten.<\/strong><\/p>\n\n\n\n<figure class=\"wp-block-image size-large\"><a href=\"https:\/\/letzacher.ch\/wp-content\/uploads\/2026\/05\/20251015-Hauseingang-1.jpg\"><img loading=\"lazy\" decoding=\"async\" width=\"1024\" height=\"768\" src=\"https:\/\/letzacher.ch\/wp-content\/uploads\/2026\/05\/20251015-Hauseingang-1-1024x768.jpg\" alt=\"\" class=\"wp-image-4354\" srcset=\"https:\/\/letzacher.ch\/wp-content\/uploads\/2026\/05\/20251015-Hauseingang-1-1024x768.jpg 1024w, https:\/\/letzacher.ch\/wp-content\/uploads\/2026\/05\/20251015-Hauseingang-1-300x225.jpg 300w, https:\/\/letzacher.ch\/wp-content\/uploads\/2026\/05\/20251015-Hauseingang-1-768x576.jpg 768w, https:\/\/letzacher.ch\/wp-content\/uploads\/2026\/05\/20251015-Hauseingang-1-1536x1152.jpg 1536w, https:\/\/letzacher.ch\/wp-content\/uploads\/2026\/05\/20251015-Hauseingang-1.jpg 2016w\" sizes=\"auto, (max-width: 1024px) 100vw, 1024px\" \/><\/a><\/figure>\n\n\n\n<p class=\"has-text-align-center\"><strong><em>Zus\u00e4tzlich bieten wir unseren Wohnsitz als idealen Ferienplatz f\u00fcr Ihren Vierbeiner an.<\/em><\/strong><\/p>\n\n\n\n<figure class=\"wp-block-image size-large\"><a href=\"https:\/\/letzacher.ch\/wp-content\/uploads\/2026\/05\/20260506-Eingang-Liegenschaft.jpg\"><img loading=\"lazy\" decoding=\"async\" width=\"1024\" height=\"633\" src=\"https:\/\/letzacher.ch\/wp-content\/uploads\/2026\/05\/20260506-Eingang-Liegenschaft-1024x633.jpg\" alt=\"\" class=\"wp-image-4336\" srcset=\"https:\/\/letzacher.ch\/wp-content\/uploads\/2026\/05\/20260506-Eingang-Liegenschaft-1024x633.jpg 1024w, https:\/\/letzacher.ch\/wp-content\/uploads\/2026\/05\/20260506-Eingang-Liegenschaft-300x186.jpg 300w, https:\/\/letzacher.ch\/wp-content\/uploads\/2026\/05\/20260506-Eingang-Liegenschaft-768x475.jpg 768w, https:\/\/letzacher.ch\/wp-content\/uploads\/2026\/05\/20260506-Eingang-Liegenschaft-1536x950.jpg 1536w, https:\/\/letzacher.ch\/wp-content\/uploads\/2026\/05\/20260506-Eingang-Liegenschaft.jpg 2005w\" sizes=\"auto, (max-width: 1024px) 100vw, 1024px\" \/><\/a><\/figure>\n\n\n\n\n\n<p><\/p>\n\n\n\n\n\n\n\n\n","protected":false},"excerpt":{"rendered":"<p>Herzlich Willkommen! Seit 1993 z\u00fcchten wir Berner Sennenhunde. Wir sind ausgezeichnet mit dem Qualit\u00e4tslabel \u201eGoldenes G\u00fctezeichen der SKG\u201c und mit der &#8222;Goldenen B\u00e4ri Pfote&#8220; vom Klub f\u00fcr Berner Sennenhunde KBS Unter &#8218;Greetings&#8216; ver\u00f6ffentlichen wir die aktuellsten Fotos und Gr\u00fcsse unserer Letzacher Kinder aus aller Welt Unsere beiden Zuchth\u00fcndinnen im Letzacher Qamile vom Freibach und Mila [&hellip;]<\/p>\n","protected":false},"author":1,"featured_media":0,"parent":0,"menu_order":0,"comment_status":"closed","ping_status":"closed","template":"","meta":{"ngg_post_thumbnail":0,"footnotes":""},"class_list":["post-14","page","type-page","status-publish","hentry"],"_links":{"self":[{"href":"https:\/\/letzacher.ch\/index.php?rest_route=\/wp\/v2\/pages\/14","targetHints":{"allow":["GET"]}}],"collection":[{"href":"https:\/\/letzacher.ch\/index.php?rest_route=\/wp\/v2\/pages"}],"about":[{"href":"https:\/\/letzacher.ch\/index.php?rest_route=\/wp\/v2\/types\/page"}],"author":[{"embeddable":true,"href":"https:\/\/letzacher.ch\/index.php?rest_route=\/wp\/v2\/users\/1"}],"replies":[{"embeddable":true,"href":"https:\/\/letzacher.ch\/index.php?rest_route=%2Fwp%2Fv2%2Fcomments&post=14"}],"version-history":[{"count":467,"href":"https:\/\/letzacher.ch\/index.php?rest_route=\/wp\/v2\/pages\/14\/revisions"}],"predecessor-version":[{"id":4358,"href":"https:\/\/letzacher.ch\/index.php?rest_route=\/wp\/v2\/pages\/14\/revisions\/4358"}],"wp:attachment":[{"href":"https:\/\/letzacher.ch\/index.php?rest_route=%2Fwp%2Fv2%2Fmedia&parent=14"}],"curies":[{"name":"wp","href":"https:\/\/api.w.org\/{rel}","templated":true}]}}